{"id":19,"date":"2016-11-15T10:26:40","date_gmt":"2016-11-15T10:26:40","guid":{"rendered":"http:\/\/ld-wp.template-help.com\/wordpress_62222_loan-light\/?page_id=19"},"modified":"2024-03-28T19:47:11","modified_gmt":"2024-03-28T19:47:11","slug":"home","status":"publish","type":"page","link":"https:\/\/tinoco.com.br\/en\/","title":{"rendered":"Home"},"content":{"rendered":"<p>Desde 1943 \u00a0 \u00a0 \u00a0 \u00a0 \u00a0 Bem vindo ao site da tinoco soares sociedade de advogados \u201cUm dos mais respeitados e bem estruturados escrit\u00f3rios de marcas e patentes da Am\u00e9rica Latina, atualmente respons\u00e1vel por mais de 20.000 mil processos, contando com 80 anos de tradi\u00e7\u00e3o no me <a href=\"https:\/\/tinoco.com.br\/en\/\" title=\"Read more on Home\" class=\"more-link\">read more<\/a><\/p>\n","protected":false},"excerpt":{"rendered":"<p>Desde 1943 \u00a0 \u00a0 \u00a0 \u00a0 \u00a0 Bem vindo ao site da tinoco soares sociedade de advogados \u201cUm dos mais respeitados e bem estruturados escrit\u00f3rios de marcas e patentes da Am\u00e9rica Latina, atualmente respons\u00e1vel por mais de 20.000 mil processos, contando com 80 anos de tradi\u00e7\u00e3o no me read more<\/p>\n","protected":false},"author":1,"featured_media":0,"parent":0,"menu_order":0,"comment_status":"closed","ping_status":"closed","template":"","meta":{"_eb_attr":"","_monsterinsights_skip_tracking":false,"_monsterinsights_sitenote_active":false,"_monsterinsights_sitenote_note":"","_monsterinsights_sitenote_category":0,"footnotes":""},"class_list":["post-19","page","type-page","status-publish","hentry","no-thumb"],"_links":{"self":[{"href":"https:\/\/tinoco.com.br\/en\/wp-json\/wp\/v2\/pages\/19","targetHints":{"allow":["GET"]}}],"collection":[{"href":"https:\/\/tinoco.com.br\/en\/wp-json\/wp\/v2\/pages"}],"about":[{"href":"https:\/\/tinoco.com.br\/en\/wp-json\/wp\/v2\/types\/page"}],"author":[{"embeddable":true,"href":"https:\/\/tinoco.com.br\/en\/wp-json\/wp\/v2\/users\/1"}],"replies":[{"embeddable":true,"href":"https:\/\/tinoco.com.br\/en\/wp-json\/wp\/v2\/comments?post=19"}],"version-history":[{"count":33,"href":"https:\/\/tinoco.com.br\/en\/wp-json\/wp\/v2\/pages\/19\/revisions"}],"predecessor-version":[{"id":967,"href":"https:\/\/tinoco.com.br\/en\/wp-json\/wp\/v2\/pages\/19\/revisions\/967"}],"wp:attachment":[{"href":"https:\/\/tinoco.com.br\/en\/wp-json\/wp\/v2\/media?parent=19"}],"curies":[{"name":"wp","href":"https:\/\/api.w.org\/{rel}","templated":true}]}}