{"id":679,"date":"2017-09-08T16:27:47","date_gmt":"2017-09-08T16:27:47","guid":{"rendered":"http:\/\/tinoco.com\/?page_id=679"},"modified":"2017-12-08T13:45:30","modified_gmt":"2017-12-08T13:45:30","slug":"servicos","status":"publish","type":"page","link":"https:\/\/tinoco.com.br\/en\/servicos\/","title":{"rendered":"(Portugu\u00eas do Brasil) Servi\u00e7os"},"content":{"rendered":"<p>&nbsp; H\u00e1 mais de 70 anos o DR. TINOCO SOARES vem prestando um trabalho de elevada relev\u00e2ncia na \u00e1rea de marcas, patentes e direitos autorais. Atualmente com um escrit\u00f3rio estruturado para atender empresas dos mais diversos segmentos, desde a busca pr\u00e9via at\u00e9 o registro <a href=\"https:\/\/tinoco.com.br\/en\/servicos\/\" title=\"Read more on (Portugu\u00eas do Brasil) Servi\u00e7os\" class=\"more-link\">read more<\/a><\/p>\n","protected":false},"excerpt":{"rendered":"<p>&nbsp; H\u00e1 mais de 70 anos o DR. TINOCO SOARES vem prestando um trabalho de elevada relev\u00e2ncia na \u00e1rea de marcas, patentes e direitos autorais. Atualmente com um escrit\u00f3rio estruturado para atender empresas dos mais diversos segmentos, desde a busca pr\u00e9via at\u00e9 o registro read more<\/p>\n","protected":false},"author":1,"featured_media":0,"parent":0,"menu_order":0,"comment_status":"closed","ping_status":"closed","template":"","meta":{"_eb_attr":"","_monsterinsights_skip_tracking":false,"_monsterinsights_sitenote_active":false,"_monsterinsights_sitenote_note":"","_monsterinsights_sitenote_category":0,"footnotes":""},"class_list":["post-679","page","type-page","status-publish","hentry","no-thumb"],"_links":{"self":[{"href":"https:\/\/tinoco.com.br\/en\/wp-json\/wp\/v2\/pages\/679","targetHints":{"allow":["GET"]}}],"collection":[{"href":"https:\/\/tinoco.com.br\/en\/wp-json\/wp\/v2\/pages"}],"about":[{"href":"https:\/\/tinoco.com.br\/en\/wp-json\/wp\/v2\/types\/page"}],"author":[{"embeddable":true,"href":"https:\/\/tinoco.com.br\/en\/wp-json\/wp\/v2\/users\/1"}],"replies":[{"embeddable":true,"href":"https:\/\/tinoco.com.br\/en\/wp-json\/wp\/v2\/comments?post=679"}],"version-history":[{"count":12,"href":"https:\/\/tinoco.com.br\/en\/wp-json\/wp\/v2\/pages\/679\/revisions"}],"predecessor-version":[{"id":831,"href":"https:\/\/tinoco.com.br\/en\/wp-json\/wp\/v2\/pages\/679\/revisions\/831"}],"wp:attachment":[{"href":"https:\/\/tinoco.com.br\/en\/wp-json\/wp\/v2\/media?parent=679"}],"curies":[{"name":"wp","href":"https:\/\/api.w.org\/{rel}","templated":true}]}}