{"id":685,"date":"2017-09-08T16:54:22","date_gmt":"2017-09-08T16:54:22","guid":{"rendered":"http:\/\/tinoco.com\/?page_id=685"},"modified":"2018-01-22T16:40:12","modified_gmt":"2018-01-22T16:40:12","slug":"departamentos","status":"publish","type":"page","link":"https:\/\/tinoco.com.br\/en\/departamentos\/","title":{"rendered":"(Portugu\u00eas do Brasil) Departamentos"},"content":{"rendered":"<p>tinoco soares sociedade de advogados \u00e9 reconhecido como um dos mais tradicionais escrit\u00f3rios de advocacia em Marcas e Patentes no Brasil e no exterior. H\u00e1 mais de 70 anos presta servi\u00e7os a empresas em todos os continentes, fornecendo seguran\u00e7a e efici\u00eancia no registro,  <a href=\"https:\/\/tinoco.com.br\/en\/departamentos\/\" title=\"Read more on (Portugu\u00eas do Brasil) Departamentos\" class=\"more-link\">read more<\/a><\/p>\n","protected":false},"excerpt":{"rendered":"<p>tinoco soares sociedade de advogados \u00e9 reconhecido como um dos mais tradicionais escrit\u00f3rios de advocacia em Marcas e Patentes no Brasil e no exterior. H\u00e1 mais de 70 anos presta servi\u00e7os a empresas em todos os continentes, fornecendo seguran\u00e7a e efici\u00eancia no registro, read more<\/p>\n","protected":false},"author":1,"featured_media":0,"parent":0,"menu_order":0,"comment_status":"closed","ping_status":"closed","template":"","meta":{"_eb_attr":"","_monsterinsights_skip_tracking":false,"_monsterinsights_sitenote_active":false,"_monsterinsights_sitenote_note":"","_monsterinsights_sitenote_category":0,"footnotes":""},"class_list":["post-685","page","type-page","status-publish","hentry","no-thumb"],"_links":{"self":[{"href":"https:\/\/tinoco.com.br\/en\/wp-json\/wp\/v2\/pages\/685","targetHints":{"allow":["GET"]}}],"collection":[{"href":"https:\/\/tinoco.com.br\/en\/wp-json\/wp\/v2\/pages"}],"about":[{"href":"https:\/\/tinoco.com.br\/en\/wp-json\/wp\/v2\/types\/page"}],"author":[{"embeddable":true,"href":"https:\/\/tinoco.com.br\/en\/wp-json\/wp\/v2\/users\/1"}],"replies":[{"embeddable":true,"href":"https:\/\/tinoco.com.br\/en\/wp-json\/wp\/v2\/comments?post=685"}],"version-history":[{"count":8,"href":"https:\/\/tinoco.com.br\/en\/wp-json\/wp\/v2\/pages\/685\/revisions"}],"predecessor-version":[{"id":870,"href":"https:\/\/tinoco.com.br\/en\/wp-json\/wp\/v2\/pages\/685\/revisions\/870"}],"wp:attachment":[{"href":"https:\/\/tinoco.com.br\/en\/wp-json\/wp\/v2\/media?parent=685"}],"curies":[{"name":"wp","href":"https:\/\/api.w.org\/{rel}","templated":true}]}}