{"id":687,"date":"2017-09-08T16:58:59","date_gmt":"2017-09-08T16:58:59","guid":{"rendered":"http:\/\/tinoco.com\/?page_id=687"},"modified":"2017-09-20T16:10:41","modified_gmt":"2017-09-20T16:10:41","slug":"juridico","status":"publish","type":"page","link":"https:\/\/tinoco.com.br\/en\/departamentos\/juridico\/","title":{"rendered":"(Portugu\u00eas do Brasil) Departamento Jur\u00eddico"},"content":{"rendered":"<p>Mant\u00e9m in\u00fameros advogados para elabora\u00e7\u00e3o de oposi\u00e7\u00f5es, manifesta\u00e7\u00f5es, r\u00e9plicas, esclarecimentos, cancelamento de atos administrativos, pedidos e defesas de caducidades, cumprimento de exig\u00eancias e todo o mais relativo a prote\u00e7\u00e3o e defesa de direitos de propriedade indu <a href=\"https:\/\/tinoco.com.br\/en\/departamentos\/juridico\/\" title=\"Read more on (Portugu\u00eas do Brasil) Departamento Jur\u00eddico\" class=\"more-link\">read more<\/a><\/p>\n","protected":false},"excerpt":{"rendered":"<p>Mant\u00e9m in\u00fameros advogados para elabora\u00e7\u00e3o de oposi\u00e7\u00f5es, manifesta\u00e7\u00f5es, r\u00e9plicas, esclarecimentos, cancelamento de atos administrativos, pedidos e defesas de caducidades, cumprimento de exig\u00eancias e todo o mais relativo a prote\u00e7\u00e3o e defesa de direitos de propriedade indu read more<\/p>\n","protected":false},"author":1,"featured_media":0,"parent":685,"menu_order":0,"comment_status":"closed","ping_status":"closed","template":"","meta":{"_eb_attr":"","_monsterinsights_skip_tracking":false,"_monsterinsights_sitenote_active":false,"_monsterinsights_sitenote_note":"","_monsterinsights_sitenote_category":0,"footnotes":""},"class_list":["post-687","page","type-page","status-publish","hentry","no-thumb"],"_links":{"self":[{"href":"https:\/\/tinoco.com.br\/en\/wp-json\/wp\/v2\/pages\/687","targetHints":{"allow":["GET"]}}],"collection":[{"href":"https:\/\/tinoco.com.br\/en\/wp-json\/wp\/v2\/pages"}],"about":[{"href":"https:\/\/tinoco.com.br\/en\/wp-json\/wp\/v2\/types\/page"}],"author":[{"embeddable":true,"href":"https:\/\/tinoco.com.br\/en\/wp-json\/wp\/v2\/users\/1"}],"replies":[{"embeddable":true,"href":"https:\/\/tinoco.com.br\/en\/wp-json\/wp\/v2\/comments?post=687"}],"version-history":[{"count":3,"href":"https:\/\/tinoco.com.br\/en\/wp-json\/wp\/v2\/pages\/687\/revisions"}],"predecessor-version":[{"id":779,"href":"https:\/\/tinoco.com.br\/en\/wp-json\/wp\/v2\/pages\/687\/revisions\/779"}],"up":[{"embeddable":true,"href":"https:\/\/tinoco.com.br\/en\/wp-json\/wp\/v2\/pages\/685"}],"wp:attachment":[{"href":"https:\/\/tinoco.com.br\/en\/wp-json\/wp\/v2\/media?parent=687"}],"curies":[{"name":"wp","href":"https:\/\/api.w.org\/{rel}","templated":true}]}}