{"id":689,"date":"2017-09-08T17:02:17","date_gmt":"2017-09-08T17:02:17","guid":{"rendered":"http:\/\/tinoco.com\/?page_id=689"},"modified":"2017-12-08T14:02:16","modified_gmt":"2017-12-08T14:02:16","slug":"marcas","status":"publish","type":"page","link":"https:\/\/tinoco.com.br\/en\/departamentos\/marcas\/","title":{"rendered":"(Portugu\u00eas do Brasil) Departamento de Marcas"},"content":{"rendered":"<p>Respons\u00e1vel pelo registro de marcas nacionais, no Brasil e no exterior, assim como das empresas estrangeiras que t\u00eam interesse em depositar suas marcas em nosso pa\u00eds, sejam elas nominativas, figurativas, mistas, tridimensionais, etc, analisando-as e submetendo-as \u00e0s cla <a href=\"https:\/\/tinoco.com.br\/en\/departamentos\/marcas\/\" title=\"Read more on (Portugu\u00eas do Brasil) Departamento de Marcas\" class=\"more-link\">read more<\/a><\/p>\n","protected":false},"excerpt":{"rendered":"<p>Respons\u00e1vel pelo registro de marcas nacionais, no Brasil e no exterior, assim como das empresas estrangeiras que t\u00eam interesse em depositar suas marcas em nosso pa\u00eds, sejam elas nominativas, figurativas, mistas, tridimensionais, etc, analisando-as e submetendo-as \u00e0s cla read more<\/p>\n","protected":false},"author":1,"featured_media":0,"parent":685,"menu_order":0,"comment_status":"closed","ping_status":"closed","template":"","meta":{"_eb_attr":"","_monsterinsights_skip_tracking":false,"_monsterinsights_sitenote_active":false,"_monsterinsights_sitenote_note":"","_monsterinsights_sitenote_category":0,"footnotes":""},"class_list":["post-689","page","type-page","status-publish","hentry","no-thumb"],"_links":{"self":[{"href":"https:\/\/tinoco.com.br\/en\/wp-json\/wp\/v2\/pages\/689","targetHints":{"allow":["GET"]}}],"collection":[{"href":"https:\/\/tinoco.com.br\/en\/wp-json\/wp\/v2\/pages"}],"about":[{"href":"https:\/\/tinoco.com.br\/en\/wp-json\/wp\/v2\/types\/page"}],"author":[{"embeddable":true,"href":"https:\/\/tinoco.com.br\/en\/wp-json\/wp\/v2\/users\/1"}],"replies":[{"embeddable":true,"href":"https:\/\/tinoco.com.br\/en\/wp-json\/wp\/v2\/comments?post=689"}],"version-history":[{"count":3,"href":"https:\/\/tinoco.com.br\/en\/wp-json\/wp\/v2\/pages\/689\/revisions"}],"predecessor-version":[{"id":832,"href":"https:\/\/tinoco.com.br\/en\/wp-json\/wp\/v2\/pages\/689\/revisions\/832"}],"up":[{"embeddable":true,"href":"https:\/\/tinoco.com.br\/en\/wp-json\/wp\/v2\/pages\/685"}],"wp:attachment":[{"href":"https:\/\/tinoco.com.br\/en\/wp-json\/wp\/v2\/media?parent=689"}],"curies":[{"name":"wp","href":"https:\/\/api.w.org\/{rel}","templated":true}]}}