{"id":691,"date":"2017-09-08T17:04:30","date_gmt":"2017-09-08T17:04:30","guid":{"rendered":"http:\/\/tinoco.com\/?page_id=691"},"modified":"2017-12-08T14:10:18","modified_gmt":"2017-12-08T14:10:18","slug":"patentes","status":"publish","type":"page","link":"https:\/\/tinoco.com.br\/en\/departamentos\/patentes\/","title":{"rendered":"(Portugu\u00eas do Brasil) Departamento de Patentes"},"content":{"rendered":"<p>Este departamento \u00e9 respons\u00e1vel pelo dep\u00f3sito dos Pedidos de Privil\u00e9gio (patentes), modelos de utilidade e dos Registros de Desenhos Industriais do Brasil junto ao INPI, e tamb\u00e9m os procedentes do exterior, ap\u00f3s serem adaptados \u00e0s normas brasileiras, quando o respectivo <a href=\"https:\/\/tinoco.com.br\/en\/departamentos\/patentes\/\" title=\"Read more on (Portugu\u00eas do Brasil) Departamento de Patentes\" class=\"more-link\">read more<\/a><\/p>\n","protected":false},"excerpt":{"rendered":"<p>Este departamento \u00e9 respons\u00e1vel pelo dep\u00f3sito dos Pedidos de Privil\u00e9gio (patentes), modelos de utilidade e dos Registros de Desenhos Industriais do Brasil junto ao INPI, e tamb\u00e9m os procedentes do exterior, ap\u00f3s serem adaptados \u00e0s normas brasileiras, quando o respectivo read more<\/p>\n","protected":false},"author":1,"featured_media":0,"parent":685,"menu_order":0,"comment_status":"closed","ping_status":"closed","template":"","meta":{"_eb_attr":"","_monsterinsights_skip_tracking":false,"_monsterinsights_sitenote_active":false,"_monsterinsights_sitenote_note":"","_monsterinsights_sitenote_category":0,"footnotes":""},"class_list":["post-691","page","type-page","status-publish","hentry","no-thumb"],"_links":{"self":[{"href":"https:\/\/tinoco.com.br\/en\/wp-json\/wp\/v2\/pages\/691","targetHints":{"allow":["GET"]}}],"collection":[{"href":"https:\/\/tinoco.com.br\/en\/wp-json\/wp\/v2\/pages"}],"about":[{"href":"https:\/\/tinoco.com.br\/en\/wp-json\/wp\/v2\/types\/page"}],"author":[{"embeddable":true,"href":"https:\/\/tinoco.com.br\/en\/wp-json\/wp\/v2\/users\/1"}],"replies":[{"embeddable":true,"href":"https:\/\/tinoco.com.br\/en\/wp-json\/wp\/v2\/comments?post=691"}],"version-history":[{"count":3,"href":"https:\/\/tinoco.com.br\/en\/wp-json\/wp\/v2\/pages\/691\/revisions"}],"predecessor-version":[{"id":837,"href":"https:\/\/tinoco.com.br\/en\/wp-json\/wp\/v2\/pages\/691\/revisions\/837"}],"up":[{"embeddable":true,"href":"https:\/\/tinoco.com.br\/en\/wp-json\/wp\/v2\/pages\/685"}],"wp:attachment":[{"href":"https:\/\/tinoco.com.br\/en\/wp-json\/wp\/v2\/media?parent=691"}],"curies":[{"name":"wp","href":"https:\/\/api.w.org\/{rel}","templated":true}]}}