{"id":695,"date":"2017-09-08T18:47:55","date_gmt":"2017-09-08T18:47:55","guid":{"rendered":"http:\/\/tinoco.com\/?page_id=695"},"modified":"2017-12-08T14:14:48","modified_gmt":"2017-12-08T14:14:48","slug":"lei-atual","status":"publish","type":"page","link":"https:\/\/tinoco.com.br\/en\/lei-atual\/","title":{"rendered":"(Portugu\u00eas do Brasil) Lei Atual"},"content":{"rendered":"<p>Publica\u00e7\u00e3o editada pela tinoco soares sociedade de advogados Foi sancionada a lei que REGULA DIREITOS E OBRIGA\u00c7\u00d5ES RELATIVOS \u00c0 PROPRIEDADE INDUSTRIAL, para entrar em vigor no dia 14 de maio de 1997, com exce\u00e7\u00e3o prevista pelo art. 231 que cont\u00e9m vig\u00eancia &#8211; IMEDIATA <a href=\"https:\/\/tinoco.com.br\/en\/lei-atual\/\" title=\"Read more on (Portugu\u00eas do Brasil) Lei Atual\" class=\"more-link\">read more<\/a><\/p>\n","protected":false},"excerpt":{"rendered":"<p>Publica\u00e7\u00e3o editada pela tinoco soares sociedade de advogados Foi sancionada a lei que REGULA DIREITOS E OBRIGA\u00c7\u00d5ES RELATIVOS \u00c0 PROPRIEDADE INDUSTRIAL, para entrar em vigor no dia 14 de maio de 1997, com exce\u00e7\u00e3o prevista pelo art. 231 que cont\u00e9m vig\u00eancia &#8211; IMEDIATA read more<\/p>\n","protected":false},"author":1,"featured_media":0,"parent":0,"menu_order":0,"comment_status":"closed","ping_status":"closed","template":"","meta":{"_eb_attr":"","_monsterinsights_skip_tracking":false,"_monsterinsights_sitenote_active":false,"_monsterinsights_sitenote_note":"","_monsterinsights_sitenote_category":0,"footnotes":""},"class_list":["post-695","page","type-page","status-publish","hentry","no-thumb"],"_links":{"self":[{"href":"https:\/\/tinoco.com.br\/en\/wp-json\/wp\/v2\/pages\/695","targetHints":{"allow":["GET"]}}],"collection":[{"href":"https:\/\/tinoco.com.br\/en\/wp-json\/wp\/v2\/pages"}],"about":[{"href":"https:\/\/tinoco.com.br\/en\/wp-json\/wp\/v2\/types\/page"}],"author":[{"embeddable":true,"href":"https:\/\/tinoco.com.br\/en\/wp-json\/wp\/v2\/users\/1"}],"replies":[{"embeddable":true,"href":"https:\/\/tinoco.com.br\/en\/wp-json\/wp\/v2\/comments?post=695"}],"version-history":[{"count":9,"href":"https:\/\/tinoco.com.br\/en\/wp-json\/wp\/v2\/pages\/695\/revisions"}],"predecessor-version":[{"id":839,"href":"https:\/\/tinoco.com.br\/en\/wp-json\/wp\/v2\/pages\/695\/revisions\/839"}],"wp:attachment":[{"href":"https:\/\/tinoco.com.br\/en\/wp-json\/wp\/v2\/media?parent=695"}],"curies":[{"name":"wp","href":"https:\/\/api.w.org\/{rel}","templated":true}]}}