{"id":698,"date":"2017-09-08T18:50:04","date_gmt":"2017-09-08T18:50:04","guid":{"rendered":"http:\/\/tinoco.com\/?page_id=698"},"modified":"2017-10-05T00:02:23","modified_gmt":"2017-10-05T00:02:23","slug":"documentos","status":"publish","type":"page","link":"https:\/\/tinoco.com.br\/en\/documentos\/","title":{"rendered":"(Portugu\u00eas do Brasil) Documentos"},"content":{"rendered":"<p>Este \u00e9 um check-list dos documentos necess\u00e1rios para Registro de Marca ou Pedido de Privil\u00e9gio (patente).\u00a0 Documentos necess\u00e1rios para Registro de Marca: C\u00f3pia\u00a0do\u00a0contrato\u00a0ou\u00a0estatuto\u00a0social\u00a0consolidado; N\u00famero\u00a0do\u00a0CNPJ; Amostra\u00a0do\u00a0logotipo,\u00a0se\u00a0for\u00a0o\u00a0caso;\u00a0e Procura\u00e7\u00e3o\u00a0& <a href=\"https:\/\/tinoco.com.br\/en\/documentos\/\" title=\"Read more on (Portugu\u00eas do Brasil) Documentos\" class=\"more-link\">read more<\/a><\/p>\n","protected":false},"excerpt":{"rendered":"<p>Este \u00e9 um check-list dos documentos necess\u00e1rios para Registro de Marca ou Pedido de Privil\u00e9gio (patente).\u00a0 Documentos necess\u00e1rios para Registro de Marca: C\u00f3pia\u00a0do\u00a0contrato\u00a0ou\u00a0estatuto\u00a0social\u00a0consolidado; N\u00famero\u00a0do\u00a0CNPJ; Amostra\u00a0do\u00a0logotipo,\u00a0se\u00a0for\u00a0o\u00a0caso;\u00a0e Procura\u00e7\u00e3o\u00a0&#038; read more<\/p>\n","protected":false},"author":1,"featured_media":0,"parent":0,"menu_order":0,"comment_status":"closed","ping_status":"closed","template":"","meta":{"_eb_attr":"","_monsterinsights_skip_tracking":false,"_monsterinsights_sitenote_active":false,"_monsterinsights_sitenote_note":"","_monsterinsights_sitenote_category":0,"footnotes":""},"class_list":["post-698","page","type-page","status-publish","hentry","no-thumb"],"_links":{"self":[{"href":"https:\/\/tinoco.com.br\/en\/wp-json\/wp\/v2\/pages\/698","targetHints":{"allow":["GET"]}}],"collection":[{"href":"https:\/\/tinoco.com.br\/en\/wp-json\/wp\/v2\/pages"}],"about":[{"href":"https:\/\/tinoco.com.br\/en\/wp-json\/wp\/v2\/types\/page"}],"author":[{"embeddable":true,"href":"https:\/\/tinoco.com.br\/en\/wp-json\/wp\/v2\/users\/1"}],"replies":[{"embeddable":true,"href":"https:\/\/tinoco.com.br\/en\/wp-json\/wp\/v2\/comments?post=698"}],"version-history":[{"count":5,"href":"https:\/\/tinoco.com.br\/en\/wp-json\/wp\/v2\/pages\/698\/revisions"}],"predecessor-version":[{"id":800,"href":"https:\/\/tinoco.com.br\/en\/wp-json\/wp\/v2\/pages\/698\/revisions\/800"}],"wp:attachment":[{"href":"https:\/\/tinoco.com.br\/en\/wp-json\/wp\/v2\/media?parent=698"}],"curies":[{"name":"wp","href":"https:\/\/api.w.org\/{rel}","templated":true}]}}