{"id":700,"date":"2017-09-08T18:50:30","date_gmt":"2017-09-08T18:50:30","guid":{"rendered":"http:\/\/tinoco.com\/?page_id=700"},"modified":"2017-12-08T14:23:05","modified_gmt":"2017-12-08T14:23:05","slug":"livros","status":"publish","type":"page","link":"https:\/\/tinoco.com.br\/en\/livros\/","title":{"rendered":"(Portugu\u00eas do Brasil) Livros"},"content":{"rendered":"<p>Os livros relacionados abaixo foram escritos pelo Dr. Jos\u00e9 Carlos Tinoco Soares e podem ser encontrados, exclusivamente, com o autor da obra: SLOGANS &#8211; Express\u00f5es, Frases ou Sinais de Propaganda versus Lei da Propriedade Industrial A despeito da proibi\u00e7\u00e3o na Lei d <a href=\"https:\/\/tinoco.com.br\/en\/livros\/\" title=\"Read more on (Portugu\u00eas do Brasil) Livros\" class=\"more-link\">read more<\/a><\/p>\n","protected":false},"excerpt":{"rendered":"<p>Os livros relacionados abaixo foram escritos pelo Dr. Jos\u00e9 Carlos Tinoco Soares e podem ser encontrados, exclusivamente, com o autor da obra: SLOGANS &#8211; Express\u00f5es, Frases ou Sinais de Propaganda versus Lei da Propriedade Industrial A despeito da proibi\u00e7\u00e3o na Lei d read more<\/p>\n","protected":false},"author":1,"featured_media":0,"parent":0,"menu_order":0,"comment_status":"closed","ping_status":"closed","template":"","meta":{"_eb_attr":"","_monsterinsights_skip_tracking":false,"_monsterinsights_sitenote_active":false,"_monsterinsights_sitenote_note":"","_monsterinsights_sitenote_category":0,"footnotes":""},"class_list":["post-700","page","type-page","status-publish","hentry","no-thumb"],"_links":{"self":[{"href":"https:\/\/tinoco.com.br\/en\/wp-json\/wp\/v2\/pages\/700","targetHints":{"allow":["GET"]}}],"collection":[{"href":"https:\/\/tinoco.com.br\/en\/wp-json\/wp\/v2\/pages"}],"about":[{"href":"https:\/\/tinoco.com.br\/en\/wp-json\/wp\/v2\/types\/page"}],"author":[{"embeddable":true,"href":"https:\/\/tinoco.com.br\/en\/wp-json\/wp\/v2\/users\/1"}],"replies":[{"embeddable":true,"href":"https:\/\/tinoco.com.br\/en\/wp-json\/wp\/v2\/comments?post=700"}],"version-history":[{"count":9,"href":"https:\/\/tinoco.com.br\/en\/wp-json\/wp\/v2\/pages\/700\/revisions"}],"predecessor-version":[{"id":842,"href":"https:\/\/tinoco.com.br\/en\/wp-json\/wp\/v2\/pages\/700\/revisions\/842"}],"wp:attachment":[{"href":"https:\/\/tinoco.com.br\/en\/wp-json\/wp\/v2\/media?parent=700"}],"curies":[{"name":"wp","href":"https:\/\/api.w.org\/{rel}","templated":true}]}}