{"id":702,"date":"2017-09-08T18:52:18","date_gmt":"2017-09-08T18:52:18","guid":{"rendered":"http:\/\/tinoco.com\/?page_id=702"},"modified":"2024-04-02T19:00:46","modified_gmt":"2024-04-02T19:00:46","slug":"contato","status":"publish","type":"page","link":"https:\/\/tinoco.com.br\/en\/contato\/","title":{"rendered":"(Portugu\u00eas do Brasil) Contato"},"content":{"rendered":"<p>&nbsp; &nbsp; Av. Indian\u00f3polis, 995 S\u00e3o Paulo &#8211; SP &#8211; Brasil CEP 04063-001 Telefones: +55 (11) 5084-5330 +55 (11) 2614-8359 +55 (11) 2614-8416 FAX: +55 (11) 5084-5334 +55 (11) 5084-5337 E-mail: tinoco@tinoco.com.br Av. Presidente Vargas, 482 &#8211; Conj. 514 <a href=\"https:\/\/tinoco.com.br\/en\/contato\/\" title=\"Read more on (Portugu\u00eas do Brasil) Contato\" class=\"more-link\">read more<\/a><\/p>\n","protected":false},"excerpt":{"rendered":"<p>&nbsp; &nbsp; Av. Indian\u00f3polis, 995 S\u00e3o Paulo &#8211; SP &#8211; Brasil CEP 04063-001 Telefones: +55 (11) 5084-5330 +55 (11) 2614-8359 +55 (11) 2614-8416 FAX: +55 (11) 5084-5334 +55 (11) 5084-5337 E-mail: tinoco@tinoco.com.br Av. Presidente Vargas, 482 &#8211; Conj. 514 read more<\/p>\n","protected":false},"author":1,"featured_media":0,"parent":0,"menu_order":0,"comment_status":"closed","ping_status":"closed","template":"","meta":{"_eb_attr":"","_monsterinsights_skip_tracking":false,"_monsterinsights_sitenote_active":false,"_monsterinsights_sitenote_note":"","_monsterinsights_sitenote_category":0,"footnotes":""},"class_list":["post-702","page","type-page","status-publish","hentry","no-thumb"],"_links":{"self":[{"href":"https:\/\/tinoco.com.br\/en\/wp-json\/wp\/v2\/pages\/702","targetHints":{"allow":["GET"]}}],"collection":[{"href":"https:\/\/tinoco.com.br\/en\/wp-json\/wp\/v2\/pages"}],"about":[{"href":"https:\/\/tinoco.com.br\/en\/wp-json\/wp\/v2\/types\/page"}],"author":[{"embeddable":true,"href":"https:\/\/tinoco.com.br\/en\/wp-json\/wp\/v2\/users\/1"}],"replies":[{"embeddable":true,"href":"https:\/\/tinoco.com.br\/en\/wp-json\/wp\/v2\/comments?post=702"}],"version-history":[{"count":9,"href":"https:\/\/tinoco.com.br\/en\/wp-json\/wp\/v2\/pages\/702\/revisions"}],"predecessor-version":[{"id":912,"href":"https:\/\/tinoco.com.br\/en\/wp-json\/wp\/v2\/pages\/702\/revisions\/912"}],"wp:attachment":[{"href":"https:\/\/tinoco.com.br\/en\/wp-json\/wp\/v2\/media?parent=702"}],"curies":[{"name":"wp","href":"https:\/\/api.w.org\/{rel}","templated":true}]}}