{"id":721,"date":"2017-09-09T14:45:57","date_gmt":"2017-09-09T14:45:57","guid":{"rendered":"http:\/\/tinoco.com\/?page_id=721"},"modified":"2017-12-20T14:14:41","modified_gmt":"2017-12-20T14:14:41","slug":"lei-da-propriedade-industrial","status":"publish","type":"page","link":"https:\/\/tinoco.com.br\/en\/lei-atual\/lei-da-propriedade-industrial\/","title":{"rendered":"(Portugu\u00eas do Brasil) Lei da Propriedade Industrial"},"content":{"rendered":"<p>Foi sancionada a lei que REGULA DIREITO E OBRIGA\u00c7\u00d5ES RELATIVOS \u00c0 PROPRIEDADE INDUSTRIAL, que entrou em vigor no dia 14 de maio de 1997, com exce\u00e7\u00e3o prevista pelo art. 231 que cont\u00e9m vig\u00eancia &#8211; IMEDIATA -. Nestas condi\u00e7\u00f5es a partir da san\u00e7\u00e3o da lei poder\u00e1 ser depos <a href=\"https:\/\/tinoco.com.br\/en\/lei-atual\/lei-da-propriedade-industrial\/\" title=\"Read more on (Portugu\u00eas do Brasil) Lei da Propriedade Industrial\" class=\"more-link\">read more<\/a><\/p>\n","protected":false},"excerpt":{"rendered":"<p>Foi sancionada a lei que REGULA DIREITO E OBRIGA\u00c7\u00d5ES RELATIVOS \u00c0 PROPRIEDADE INDUSTRIAL, que entrou em vigor no dia 14 de maio de 1997, com exce\u00e7\u00e3o prevista pelo art. 231 que cont\u00e9m vig\u00eancia &#8211; IMEDIATA -. Nestas condi\u00e7\u00f5es a partir da san\u00e7\u00e3o da lei poder\u00e1 ser depos read more<\/p>\n","protected":false},"author":1,"featured_media":0,"parent":695,"menu_order":0,"comment_status":"closed","ping_status":"closed","template":"","meta":{"_eb_attr":"","_monsterinsights_skip_tracking":false,"_monsterinsights_sitenote_active":false,"_monsterinsights_sitenote_note":"","_monsterinsights_sitenote_category":0,"footnotes":""},"class_list":["post-721","page","type-page","status-publish","hentry","no-thumb"],"_links":{"self":[{"href":"https:\/\/tinoco.com.br\/en\/wp-json\/wp\/v2\/pages\/721","targetHints":{"allow":["GET"]}}],"collection":[{"href":"https:\/\/tinoco.com.br\/en\/wp-json\/wp\/v2\/pages"}],"about":[{"href":"https:\/\/tinoco.com.br\/en\/wp-json\/wp\/v2\/types\/page"}],"author":[{"embeddable":true,"href":"https:\/\/tinoco.com.br\/en\/wp-json\/wp\/v2\/users\/1"}],"replies":[{"embeddable":true,"href":"https:\/\/tinoco.com.br\/en\/wp-json\/wp\/v2\/comments?post=721"}],"version-history":[{"count":5,"href":"https:\/\/tinoco.com.br\/en\/wp-json\/wp\/v2\/pages\/721\/revisions"}],"predecessor-version":[{"id":858,"href":"https:\/\/tinoco.com.br\/en\/wp-json\/wp\/v2\/pages\/721\/revisions\/858"}],"up":[{"embeddable":true,"href":"https:\/\/tinoco.com.br\/en\/wp-json\/wp\/v2\/pages\/695"}],"wp:attachment":[{"href":"https:\/\/tinoco.com.br\/en\/wp-json\/wp\/v2\/media?parent=721"}],"curies":[{"name":"wp","href":"https:\/\/api.w.org\/{rel}","templated":true}]}}