{"id":723,"date":"2017-09-09T14:49:14","date_gmt":"2017-09-09T14:49:14","guid":{"rendered":"http:\/\/tinoco.com\/?page_id=723"},"modified":"2017-12-20T14:13:54","modified_gmt":"2017-12-20T14:13:54","slug":"patentes","status":"publish","type":"page","link":"https:\/\/tinoco.com.br\/en\/lei-atual\/patentes\/","title":{"rendered":"(Portugu\u00eas do Brasil) Patentes"},"content":{"rendered":"<p>Ser\u00e3o conferidas patentes de inven\u00e7\u00e3o e de modelo de utilidade. \u00c9 patente\u00e1vel a inven\u00e7\u00e3o que atenda aos requisitos de novidade, atividade inventiva e aplica\u00e7\u00e3o industrial. \u00c9 patente\u00e1vel como Modelo de Utilidade, o objeto de uso pr\u00e1tico, ou parte deste, suscet\u00edvel de apl <a href=\"https:\/\/tinoco.com.br\/en\/lei-atual\/patentes\/\" title=\"Read more on (Portugu\u00eas do Brasil) Patentes\" class=\"more-link\">read more<\/a><\/p>\n","protected":false},"excerpt":{"rendered":"<p>Ser\u00e3o conferidas patentes de inven\u00e7\u00e3o e de modelo de utilidade. \u00c9 patente\u00e1vel a inven\u00e7\u00e3o que atenda aos requisitos de novidade, atividade inventiva e aplica\u00e7\u00e3o industrial. \u00c9 patente\u00e1vel como Modelo de Utilidade, o objeto de uso pr\u00e1tico, ou parte deste, suscet\u00edvel de apl read more<\/p>\n","protected":false},"author":1,"featured_media":0,"parent":695,"menu_order":0,"comment_status":"closed","ping_status":"closed","template":"","meta":{"_eb_attr":"","_monsterinsights_skip_tracking":false,"_monsterinsights_sitenote_active":false,"_monsterinsights_sitenote_note":"","_monsterinsights_sitenote_category":0,"footnotes":""},"class_list":["post-723","page","type-page","status-publish","hentry","no-thumb"],"_links":{"self":[{"href":"https:\/\/tinoco.com.br\/en\/wp-json\/wp\/v2\/pages\/723","targetHints":{"allow":["GET"]}}],"collection":[{"href":"https:\/\/tinoco.com.br\/en\/wp-json\/wp\/v2\/pages"}],"about":[{"href":"https:\/\/tinoco.com.br\/en\/wp-json\/wp\/v2\/types\/page"}],"author":[{"embeddable":true,"href":"https:\/\/tinoco.com.br\/en\/wp-json\/wp\/v2\/users\/1"}],"replies":[{"embeddable":true,"href":"https:\/\/tinoco.com.br\/en\/wp-json\/wp\/v2\/comments?post=723"}],"version-history":[{"count":5,"href":"https:\/\/tinoco.com.br\/en\/wp-json\/wp\/v2\/pages\/723\/revisions"}],"predecessor-version":[{"id":856,"href":"https:\/\/tinoco.com.br\/en\/wp-json\/wp\/v2\/pages\/723\/revisions\/856"}],"up":[{"embeddable":true,"href":"https:\/\/tinoco.com.br\/en\/wp-json\/wp\/v2\/pages\/695"}],"wp:attachment":[{"href":"https:\/\/tinoco.com.br\/en\/wp-json\/wp\/v2\/media?parent=723"}],"curies":[{"name":"wp","href":"https:\/\/api.w.org\/{rel}","templated":true}]}}