{"id":727,"date":"2017-09-09T15:04:03","date_gmt":"2017-09-09T15:04:03","guid":{"rendered":"http:\/\/tinoco.com\/?page_id=727"},"modified":"2017-12-20T14:15:58","modified_gmt":"2017-12-20T14:15:58","slug":"marcas","status":"publish","type":"page","link":"https:\/\/tinoco.com.br\/en\/lei-atual\/marcas\/","title":{"rendered":"(Portugu\u00eas do Brasil) Marcas"},"content":{"rendered":"<p>Ser\u00e3o conferidas a registro as marcas de produto ou de servi\u00e7o, a marca de certifica\u00e7\u00e3o e a marca coletiva, de forma \u201cnominativa, figurativa, mista e tridimensional\u201d. A) N\u00e3o h\u00e1 prote\u00e7\u00e3o para as marcas em CORES, SONORAS e OLFATIVAS, sendo que as TRIDIMENSIONAIS, s\u00e3o poss <a href=\"https:\/\/tinoco.com.br\/en\/lei-atual\/marcas\/\" title=\"Read more on (Portugu\u00eas do Brasil) Marcas\" class=\"more-link\">read more<\/a><\/p>\n","protected":false},"excerpt":{"rendered":"<p>Ser\u00e3o conferidas a registro as marcas de produto ou de servi\u00e7o, a marca de certifica\u00e7\u00e3o e a marca coletiva, de forma \u201cnominativa, figurativa, mista e tridimensional\u201d. A) N\u00e3o h\u00e1 prote\u00e7\u00e3o para as marcas em CORES, SONORAS e OLFATIVAS, sendo que as TRIDIMENSIONAIS, s\u00e3o poss read more<\/p>\n","protected":false},"author":1,"featured_media":0,"parent":695,"menu_order":0,"comment_status":"closed","ping_status":"closed","template":"","meta":{"_eb_attr":"","_monsterinsights_skip_tracking":false,"_monsterinsights_sitenote_active":false,"_monsterinsights_sitenote_note":"","_monsterinsights_sitenote_category":0,"footnotes":""},"class_list":["post-727","page","type-page","status-publish","hentry","no-thumb"],"_links":{"self":[{"href":"https:\/\/tinoco.com.br\/en\/wp-json\/wp\/v2\/pages\/727","targetHints":{"allow":["GET"]}}],"collection":[{"href":"https:\/\/tinoco.com.br\/en\/wp-json\/wp\/v2\/pages"}],"about":[{"href":"https:\/\/tinoco.com.br\/en\/wp-json\/wp\/v2\/types\/page"}],"author":[{"embeddable":true,"href":"https:\/\/tinoco.com.br\/en\/wp-json\/wp\/v2\/users\/1"}],"replies":[{"embeddable":true,"href":"https:\/\/tinoco.com.br\/en\/wp-json\/wp\/v2\/comments?post=727"}],"version-history":[{"count":6,"href":"https:\/\/tinoco.com.br\/en\/wp-json\/wp\/v2\/pages\/727\/revisions"}],"predecessor-version":[{"id":859,"href":"https:\/\/tinoco.com.br\/en\/wp-json\/wp\/v2\/pages\/727\/revisions\/859"}],"up":[{"embeddable":true,"href":"https:\/\/tinoco.com.br\/en\/wp-json\/wp\/v2\/pages\/695"}],"wp:attachment":[{"href":"https:\/\/tinoco.com.br\/en\/wp-json\/wp\/v2\/media?parent=727"}],"curies":[{"name":"wp","href":"https:\/\/api.w.org\/{rel}","templated":true}]}}